{"id":814,"date":"2023-09-11T18:12:55","date_gmt":"2023-09-11T18:12:55","guid":{"rendered":"https:\/\/xn--merchemuoz-09a.com\/?page_id=814"},"modified":"2023-09-12T17:35:23","modified_gmt":"2023-09-12T17:35:23","slug":"aviso-legal","status":"publish","type":"page","link":"https:\/\/xn--merchemuoz-09a.com\/en\/aviso-legal\/","title":{"rendered":"Aviso legal"},"content":{"rendered":"<div data-elementor-type=\"wp-page\" data-elementor-id=\"814\" class=\"elementor elementor-814\">\n\t\t\t\t\t\t<section class=\"elementor-section elementor-top-section elementor-element elementor-element-500e2a5 elementor-section-boxed elementor-section-height-default elementor-section-height-default parallax_section_no qode_elementor_container_no\" data-id=\"500e2a5\" data-element_type=\"section\">\n\t\t\t\t\t\t<div class=\"elementor-container elementor-column-gap-default\">\n\t\t\t\t\t<div class=\"elementor-column elementor-col-100 elementor-top-column elementor-element elementor-element-f7467ea\" data-id=\"f7467ea\" data-element_type=\"column\">\n\t\t\t<div class=\"elementor-widget-wrap elementor-element-populated\">\n\t\t\t\t\t\t<div class=\"elementor-element elementor-element-73d78f6 elementor-widget elementor-widget-heading\" data-id=\"73d78f6\" data-element_type=\"widget\" data-widget_type=\"heading.default\">\n\t\t\t\t<div class=\"elementor-widget-container\">\n\t\t\t<style>\/*! elementor - v3.21.0 - 08-05-2024 *\/\n.elementor-heading-title{padding:0;margin:0;line-height:1}.elementor-widget-heading .elementor-heading-title[class*=elementor-size-]>a{color:inherit;font-size:inherit;line-height:inherit}.elementor-widget-heading .elementor-heading-title.elementor-size-small{font-size:15px}.elementor-widget-heading .elementor-heading-title.elementor-size-medium{font-size:19px}.elementor-widget-heading .elementor-heading-title.elementor-size-large{font-size:29px}.elementor-widget-heading .elementor-heading-title.elementor-size-xl{font-size:39px}.elementor-widget-heading .elementor-heading-title.elementor-size-xxl{font-size:59px}<\/style><h2 class=\"elementor-heading-title elementor-size-default\">Aviso legal<\/h2>\t\t<\/div>\n\t\t\t\t<\/div>\n\t\t\t\t<div class=\"elementor-element elementor-element-ee20b0a elementor-widget elementor-widget-text-editor\" data-id=\"ee20b0a\" data-element_type=\"widget\" data-widget_type=\"text-editor.default\">\n\t\t\t\t<div class=\"elementor-widget-container\">\n\t\t\t<style>\/*! elementor - v3.21.0 - 08-05-2024 *\/\n.elementor-widget-text-editor.elementor-drop-cap-view-stacked .elementor-drop-cap{background-color:#69727d;color:#fff}.elementor-widget-text-editor.elementor-drop-cap-view-framed .elementor-drop-cap{color:#69727d;border:3px solid;background-color:transparent}.elementor-widget-text-editor:not(.elementor-drop-cap-view-default) .elementor-drop-cap{margin-top:8px}.elementor-widget-text-editor:not(.elementor-drop-cap-view-default) .elementor-drop-cap-letter{width:1em;height:1em}.elementor-widget-text-editor .elementor-drop-cap{float:left;text-align:center;line-height:1;font-size:50px}.elementor-widget-text-editor .elementor-drop-cap-letter{display:inline-block}<\/style>\t\t\t\t<p><b>Identificaci\u00f3n y Titularidad<\/b><\/p><p><span style=\"font-weight: 400;\">En cumplimiento del art\u00edculo 10 de la Ley 34\/2002, de 11 de julio, de Servicios de la Sociedad de la Informaci\u00f3n y Comercio Electr\u00f3nico, el Titular expone sus datos identificativos:<\/span><\/p><ul><li style=\"font-weight: 400;\" aria-level=\"1\"><span style=\"font-weight: 400;\">Titular: Mar\u00eda de las Mercedes Mu\u00f1oz Hitos<\/span><\/li><li style=\"font-weight: 400;\" aria-level=\"1\"><span style=\"font-weight: 400;\">NIF:29080172F<\/span><\/li><li style=\"font-weight: 400;\" aria-level=\"1\"><span style=\"font-weight: 400;\">Domicilio: AVD AMERICA 22 (local 4) GRANADA\u00a0 SPAIN.18006<\/span><\/li><li style=\"font-weight: 400;\" aria-level=\"1\"><span style=\"font-weight: 400;\">Correo electr\u00f3nico: hola@merchemu\u00f1oz.com<\/span><\/li><li style=\"font-weight: 400;\" aria-level=\"1\"><span style=\"font-weight: 400;\">Sitio Web: <a href=\"https:\/\/www.merchemu\u00f1oz.com\">https:\/\/www.merchemu\u00f1oz.com<\/a><\/span><\/li><\/ul><div>\u00a0<\/div><p><b>Finalidad<\/b><\/p><p><span style=\"font-weight: 400;\">La finalidad del Sitio Web es: Informar de los servicios que ofrezco, procedimientos de trabajo, exposici\u00f3n de mi trabajo, t\u00e9cnicas, etc. Proporcionar una forma de contacto conmigo a todos los posibles interesados.<\/span><\/p><p><span style=\"font-weight: 400;\">\u00a0<\/span><\/p><p><b>Condiciones de Uso<\/b><\/p><p><span style=\"font-weight: 400;\">La utilizaci\u00f3n del Sitio Web le otorga la condici\u00f3n de Usuario, e implica la aceptaci\u00f3n completa de todas las cl\u00e1usulas y condiciones de uso incluidas en las p\u00e1ginas:<\/span><\/p><ul><li style=\"font-weight: 400;\" aria-level=\"1\"><a href=\"https:\/\/www.merchemu\u00f1oz.com\/aviso-legal\"><span style=\"font-weight: 400;\">A<\/span><span style=\"font-weight: 400;\">viso Legal<\/span><\/a><\/li><li style=\"font-weight: 400;\" aria-level=\"1\"><a href=\"https:\/\/www.merchemu\u00f1oz.com\/politica-de-privacidad\"><span style=\"font-weight: 400;\">Pol\u00edtica d<\/span><span style=\"font-weight: 400;\">e Privacidad<\/span><\/a><\/li><li style=\"font-weight: 400;\" aria-level=\"1\"><a href=\"https:\/\/www.merchemu\u00f1oz.com\/politica-cookies\"><span style=\"font-weight: 400;\">Pol\u00edtica de Cookies<\/span><\/a><\/li><\/ul><p><span style=\"font-weight: 400;\">Si no estuviera conforme con todas y cada una de estas cl\u00e1usulas y condiciones abst\u00e9ngase de utilizar el Sitio Web.<\/span><\/p><p><span style=\"font-weight: 400;\">El acceso al Sitio Web no supone, en modo alguno, el inicio de una relaci\u00f3n comercial con el Titular.<\/span><\/p><p><span style=\"font-weight: 400;\">A trav\u00e9s del Sitio Web, el Titular le facilita el acceso y la utilizaci\u00f3n de diversos contenidos que el Titular y\/o sus colaboradores han publicado por medio de Internet.<\/span><\/p><p><span style=\"font-weight: 400;\">A tal efecto, est\u00e1 obligado y comprometido a NO utilizar cualquiera de los contenidos del Sitio Web con fines o efectos il\u00edcitos, prohibidos en este Aviso Legal o por la legislaci\u00f3n vigente, lesivos de los derechos e intereses de terceros, o que de cualquier forma puedan da\u00f1ar, inutilizar, sobrecargar, deteriorar o impedir la normal utilizaci\u00f3n de los contenidos, los equipos inform\u00e1ticos o los documentos, archivos y toda clase de contenidos almacenados en cualquier equipo inform\u00e1tico propios o contratados por el Titular, de otros usuarios o de cualquier usuario de Internet.<\/span><\/p><p><span style=\"font-weight: 400;\">El Titular se reserva el derecho de retirar todos aquellos comentarios que vulneren la legislaci\u00f3n vigente, lesivos de los derechos o intereses de terceros, o que, a su juicio, no resulten adecuados para su publicaci\u00f3n.<\/span><\/p><p><span style=\"font-weight: 400;\">El Titular no ser\u00e1 responsable de las opiniones vertidas por los usuarios a trav\u00e9s del sistema de comentarios, redes sociales u otras herramientas de participaci\u00f3n, conforme a lo previsto en la normativa de aplicaci\u00f3n.<\/span><\/p><p><span style=\"font-weight: 400;\">\u00a0<\/span><\/p><p><b>Medidas de seguridad<\/b><\/p><p><span style=\"font-weight: 400;\">Los datos personales que facilite al Titular pueden ser almacenados en bases de datos automatizadas o no, cuya titularidad corresponde en exclusiva al Titular, que asume todas las medidas de \u00edndole t\u00e9cnica, organizativa y de seguridad que garantizan la confidencialidad, integridad y calidad de la informaci\u00f3n contenida en las mismas de acuerdo con lo establecido en la normativa vigente en protecci\u00f3n de datos.<\/span><\/p><p><span style=\"font-weight: 400;\">No obstante, debe ser consciente de que las medidas de seguridad de los sistemas inform\u00e1ticos en Internet no son enteramente fiables y que, por tanto el Titular no puede garantizar la inexistencia de virus u otros elementos que puedan producir alteraciones en los sistemas inform\u00e1ticos (software y hardware) del Usuario o en sus documentos electr\u00f3nicos y ficheros contenidos en los mismos aunque el Titular pone todos los medios necesarios y toma las medidas de seguridad oportunas para evitar la presencia de estos elementos da\u00f1inos.<\/span><\/p><p><span style=\"font-weight: 400;\">\u00a0<\/span><\/p><p><b>Tratamiento de Datos Personales<\/b><\/p><p><span style=\"font-weight: 400;\">Puede consultar toda la informaci\u00f3n relativa al tratamiento de datos personales que recoge el Titular en la p\u00e1gina de <a href=\"https:\/\/www.merchemu\u00f1oz.com\/politica-de-privacidad\">Pol\u00edtica de Privacidad.<\/a><\/span><\/p><p><span style=\"font-weight: 400;\">\u00a0<\/span><\/p><p><b>Contenidos<\/b><\/p><p><span style=\"font-weight: 400;\">El Titular ha obtenido la informaci\u00f3n, el contenido multimedia y los materiales incluidos en el Sitio Web de fuentes que considera fiables, pero, si bien ha tomado todas las medidas razonables para asegurar que la informaci\u00f3n contenida es correcta, el Titular no garantiza que sea exacta, completa o actualizada. El Titular declina expresamente cualquier responsabilidad por error u omisi\u00f3n en la informaci\u00f3n contenida en las p\u00e1ginas del Sitio Web.<\/span><\/p><p><span style=\"font-weight: 400;\">Queda prohibido transmitir o enviar a trav\u00e9s del Sitio Web cualquier contenido ilegal o il\u00edcito, virus inform\u00e1ticos, o mensajes que, en general, afecten o violen derechos del Titular o de terceros.<\/span><\/p><p><span style=\"font-weight: 400;\">Los contenidos del Sitio Web tienen \u00fanicamente una finalidad informativa y bajo ninguna circunstancia deben usarse ni considerarse como oferta de venta, solicitud de una oferta de compra ni recomendaci\u00f3n para realizar cualquier otra operaci\u00f3n, salvo que as\u00ed se indique expresamente.<\/span><\/p><p><span style=\"font-weight: 400;\">El Titular se reserva el derecho a modificar, suspender, cancelar o restringir el contenido del Sitio Web, los v\u00ednculos o la informaci\u00f3n obtenida a trav\u00e9s del Sitio Web, sin necesidad de previo aviso.<\/span><\/p><p><span style=\"font-weight: 400;\">El Titular no es responsable de los da\u00f1os y perjuicios que pudieran derivarse de la utilizaci\u00f3n de la informaci\u00f3n del Sitio Web o de la contenida en las redes sociales del Titular.<\/span><\/p><p><span style=\"font-weight: 400;\">\u00a0<\/span><\/p><p><b>Pol\u00edtica de cookies<\/b><\/p><p><span style=\"font-weight: 400;\">Puede consultar toda la informaci\u00f3n relativa a la pol\u00edtica de recogida y tratamiento de las cookies en la p\u00e1gina de <a href=\"https:\/\/www.merchemu\u00f1oz.com\/politica-cookies\">Pol\u00edtica de Cookies.<\/a><\/span><\/p><p><span style=\"font-weight: 400;\">\u00a0<\/span><\/p><p><b>Enlaces a otros sitios Web<\/b><\/p><p><span style=\"font-weight: 400;\">El Titular puede proporcionar acceso a sitios Web de terceros mediante enlaces con la finalidad exclusiva de informar sobre la existencia de otras fuentes de informaci\u00f3n en Internet en las que podr\u00e1 ampliar los datos ofrecidos en el Sitio Web.<\/span><\/p><p><span style=\"font-weight: 400;\">Estos enlaces a otros sitios Web no suponen en ning\u00fan caso una sugerencia o recomendaci\u00f3n para que usted visite las p\u00e1ginas web de destino, que est\u00e1n fuera del control del Titular, por lo que el Titular no es responsable del contenido de los sitios web vinculados ni del resultado que obtenga al seguir los enlaces. Asimismo, el Titular no responde de los links o enlaces ubicados en los sitios web vinculados a los que le proporciona acceso.<\/span><\/p><p><span style=\"font-weight: 400;\">El establecimiento del enlace no implica en ning\u00fan caso la existencia de relaciones entre el Titular y el propietario del sitio en el que se establezca el enlace, ni la aceptaci\u00f3n o aprobaci\u00f3n por parte del Titular de sus contenidos o servicios.<\/span><\/p><p><span style=\"font-weight: 400;\">Si accede a un sitio web externo desde un enlace que encuentre en el Sitio Web usted deber\u00e1 leer la propia pol\u00edtica de privacidad del otro sitio web que puede ser diferente de la de este sitio Web.<\/span><\/p><p><span style=\"font-weight: 400;\">\u00a0<\/span><\/p><p><b>Propiedad intelectual e industrial<\/b><\/p><p><span style=\"font-weight: 400;\">Todos los derechos est\u00e1n reservados.<\/span><\/p><p><span style=\"font-weight: 400;\">Todo acceso a este Sitio Web est\u00e1 sujeto a las siguientes condiciones: la reproducci\u00f3n, almacenaje permanente y la difusi\u00f3n de los contenidos o cualquier otro uso que tenga finalidad p\u00fablica o comercial queda expresamente prohibida sin el consentimiento previo expreso y por escrito del Titular.<\/span><\/p><p><span style=\"font-weight: 400;\">\u00a0<\/span><\/p><p><b>Limitaci\u00f3n de responsabilidad<\/b><\/p><p><span style=\"font-weight: 400;\">El Titular declina cualquier responsabilidad en caso de que existan interrupciones o un mal funcionamiento de los Servicios o contenidos ofrecidos en Internet, cualquiera que sea su causa. Asimismo, el Titular no se hace responsable por ca\u00eddas de la red, p\u00e9rdidas de negocio a consecuencia de dichas ca\u00eddas, suspensiones temporales de fluido el\u00e9ctrico o cualquier otro tipo de da\u00f1o indirecto que te pueda ser causado por causas ajenas a el Titular.<\/span><\/p><p><span style=\"font-weight: 400;\">Antes de tomar decisiones y\/o acciones con base a la informaci\u00f3n incluida en el Sitio Web, el Titular le recomienda comprobar y contrastar la informaci\u00f3n recibida con otras fuentes.<\/span><\/p><p><span style=\"font-weight: 400;\">\u00a0<\/span><\/p><p><b>Derecho de exclusi\u00f3n<\/b><\/p><p><span style=\"font-weight: 400;\">El Titular se reserva el derecho a denegar o retirar el acceso al Sitio Web y los servicios ofrecidos sin necesidad de preaviso, a instancia propia o de un tercero, a aquellos usuarios que incumplan cualquiera de las condiciones de este Aviso Legal.<\/span><\/p><p><span style=\"font-weight: 400;\">\u00a0<\/span><\/p><p><b>Jurisdicci\u00f3n<\/b><\/p><p><span style=\"font-weight: 400;\">Este Aviso Legal se rige \u00edntegramente por la legislaci\u00f3n espa\u00f1ola.<\/span><\/p><p><span style=\"font-weight: 400;\">\u00a0<\/span><\/p><p><b>Contacto<\/b><\/p><p><span style=\"font-weight: 400;\">En caso de que usted tenga cualquier duda acerca de este Aviso Legal o quiera realizar cualquier comentario sobre el Sitio Web, puede enviar un mensaje de correo electr\u00f3nico a la direcci\u00f3n: hola@merchemu\u00f1oz.com<\/span><\/p>\t\t\t\t\t\t<\/div>\n\t\t\t\t<\/div>\n\t\t\t\t\t<\/div>\n\t\t<\/div>\n\t\t\t\t\t<\/div>\n\t\t<\/section>\n\t\t\t\t<\/div>","protected":false},"excerpt":{"rendered":"<p>Aviso legal Identificaci\u00f3n y Titularidad En cumplimiento del art\u00edculo 10 de la Ley 34\/2002, de 11 de julio, de Servicios de la Sociedad de la Informaci\u00f3n y Comercio Electr\u00f3nico, el Titular expone sus datos identificativos: Titular: Mar\u00eda de las Mercedes Mu\u00f1oz Hitos NIF:29080172F Domicilio: AVD&#8230;<\/p>","protected":false},"author":1,"featured_media":0,"parent":0,"menu_order":0,"comment_status":"closed","ping_status":"closed","template":"","meta":{"_monsterinsights_skip_tracking":false,"_monsterinsights_sitenote_active":false,"_monsterinsights_sitenote_note":"","_monsterinsights_sitenote_category":0,"footnotes":""},"class_list":["post-814","page","type-page","status-publish","hentry"],"yoast_head":"<!-- This site is optimized with the Yoast SEO plugin v22.7 - https:\/\/yoast.com\/wordpress\/plugins\/seo\/ -->\n<title>Aviso legal - merchemunoz<\/title>\n<meta name=\"robots\" content=\"index, follow, max-snippet:-1, max-image-preview:large, max-video-preview:-1\" \/>\n<link rel=\"canonical\" href=\"https:\/\/xn--merchemuoz-09a.com\/en\/aviso-legal\/\" \/>\n<meta property=\"og:locale\" content=\"en_US\" \/>\n<meta property=\"og:type\" content=\"article\" \/>\n<meta property=\"og:title\" content=\"Aviso legal - merchemunoz\" \/>\n<meta property=\"og:description\" content=\"Aviso legal Identificaci\u00f3n y Titularidad En cumplimiento del art\u00edculo 10 de la Ley 34\/2002, de 11 de julio, de Servicios de la Sociedad de la Informaci\u00f3n y Comercio Electr\u00f3nico, el Titular expone sus datos identificativos: Titular: Mar\u00eda de las Mercedes Mu\u00f1oz Hitos NIF:29080172F Domicilio: AVD...\" \/>\n<meta property=\"og:url\" content=\"https:\/\/xn--merchemuoz-09a.com\/en\/aviso-legal\/\" \/>\n<meta property=\"og:site_name\" content=\"merchemunoz\" \/>\n<meta property=\"article:modified_time\" content=\"2023-09-12T17:35:23+00:00\" \/>\n<meta name=\"twitter:card\" content=\"summary_large_image\" \/>\n<meta name=\"twitter:label1\" content=\"Est. reading time\" \/>\n\t<meta name=\"twitter:data1\" content=\"6 minutes\" \/>\n<script type=\"application\/ld+json\" class=\"yoast-schema-graph\">{\"@context\":\"https:\/\/schema.org\",\"@graph\":[{\"@type\":\"WebPage\",\"@id\":\"https:\/\/xn--merchemuoz-09a.com\/aviso-legal\/\",\"url\":\"https:\/\/xn--merchemuoz-09a.com\/aviso-legal\/\",\"name\":\"Aviso legal - merchemunoz\",\"isPartOf\":{\"@id\":\"https:\/\/xn--merchemuoz-09a.com\/en\/#website\"},\"datePublished\":\"2023-09-11T18:12:55+00:00\",\"dateModified\":\"2023-09-12T17:35:23+00:00\",\"breadcrumb\":{\"@id\":\"https:\/\/xn--merchemuoz-09a.com\/aviso-legal\/#breadcrumb\"},\"inLanguage\":\"en-US\",\"potentialAction\":[{\"@type\":\"ReadAction\",\"target\":[\"https:\/\/xn--merchemuoz-09a.com\/aviso-legal\/\"]}]},{\"@type\":\"BreadcrumbList\",\"@id\":\"https:\/\/xn--merchemuoz-09a.com\/aviso-legal\/#breadcrumb\",\"itemListElement\":[{\"@type\":\"ListItem\",\"position\":1,\"name\":\"Home\",\"item\":\"https:\/\/xn--merchemuoz-09a.com\/en\/\"},{\"@type\":\"ListItem\",\"position\":2,\"name\":\"Aviso legal\"}]},{\"@type\":\"WebSite\",\"@id\":\"https:\/\/xn--merchemuoz-09a.com\/en\/#website\",\"url\":\"https:\/\/xn--merchemuoz-09a.com\/en\/\",\"name\":\"merchemunoz\",\"description\":\"\",\"potentialAction\":[{\"@type\":\"SearchAction\",\"target\":{\"@type\":\"EntryPoint\",\"urlTemplate\":\"https:\/\/xn--merchemuoz-09a.com\/en\/?s={search_term_string}\"},\"query-input\":\"required name=search_term_string\"}],\"inLanguage\":\"en-US\"}]}<\/script>\n<!-- \/ Yoast SEO plugin. -->","yoast_head_json":{"title":"Aviso legal - merchemunoz","robots":{"index":"index","follow":"follow","max-snippet":"max-snippet:-1","max-image-preview":"max-image-preview:large","max-video-preview":"max-video-preview:-1"},"canonical":"https:\/\/xn--merchemuoz-09a.com\/en\/aviso-legal\/","og_locale":"en_US","og_type":"article","og_title":"Aviso legal - merchemunoz","og_description":"Aviso legal Identificaci\u00f3n y Titularidad En cumplimiento del art\u00edculo 10 de la Ley 34\/2002, de 11 de julio, de Servicios de la Sociedad de la Informaci\u00f3n y Comercio Electr\u00f3nico, el Titular expone sus datos identificativos: Titular: Mar\u00eda de las Mercedes Mu\u00f1oz Hitos NIF:29080172F Domicilio: AVD...","og_url":"https:\/\/xn--merchemuoz-09a.com\/en\/aviso-legal\/","og_site_name":"merchemunoz","article_modified_time":"2023-09-12T17:35:23+00:00","twitter_card":"summary_large_image","twitter_misc":{"Est. reading time":"6 minutes"},"schema":{"@context":"https:\/\/schema.org","@graph":[{"@type":"WebPage","@id":"https:\/\/xn--merchemuoz-09a.com\/aviso-legal\/","url":"https:\/\/xn--merchemuoz-09a.com\/aviso-legal\/","name":"Aviso legal - merchemunoz","isPartOf":{"@id":"https:\/\/xn--merchemuoz-09a.com\/en\/#website"},"datePublished":"2023-09-11T18:12:55+00:00","dateModified":"2023-09-12T17:35:23+00:00","breadcrumb":{"@id":"https:\/\/xn--merchemuoz-09a.com\/aviso-legal\/#breadcrumb"},"inLanguage":"en-US","potentialAction":[{"@type":"ReadAction","target":["https:\/\/xn--merchemuoz-09a.com\/aviso-legal\/"]}]},{"@type":"BreadcrumbList","@id":"https:\/\/xn--merchemuoz-09a.com\/aviso-legal\/#breadcrumb","itemListElement":[{"@type":"ListItem","position":1,"name":"Home","item":"https:\/\/xn--merchemuoz-09a.com\/en\/"},{"@type":"ListItem","position":2,"name":"Aviso legal"}]},{"@type":"WebSite","@id":"https:\/\/xn--merchemuoz-09a.com\/en\/#website","url":"https:\/\/xn--merchemuoz-09a.com\/en\/","name":"merchemunoz","description":"","potentialAction":[{"@type":"SearchAction","target":{"@type":"EntryPoint","urlTemplate":"https:\/\/xn--merchemuoz-09a.com\/en\/?s={search_term_string}"},"query-input":"required name=search_term_string"}],"inLanguage":"en-US"}]}},"_links":{"self":[{"href":"https:\/\/xn--merchemuoz-09a.com\/en\/wp-json\/wp\/v2\/pages\/814","targetHints":{"allow":["GET"]}}],"collection":[{"href":"https:\/\/xn--merchemuoz-09a.com\/en\/wp-json\/wp\/v2\/pages"}],"about":[{"href":"https:\/\/xn--merchemuoz-09a.com\/en\/wp-json\/wp\/v2\/types\/page"}],"author":[{"embeddable":true,"href":"https:\/\/xn--merchemuoz-09a.com\/en\/wp-json\/wp\/v2\/users\/1"}],"replies":[{"embeddable":true,"href":"https:\/\/xn--merchemuoz-09a.com\/en\/wp-json\/wp\/v2\/comments?post=814"}],"version-history":[{"count":15,"href":"https:\/\/xn--merchemuoz-09a.com\/en\/wp-json\/wp\/v2\/pages\/814\/revisions"}],"predecessor-version":[{"id":870,"href":"https:\/\/xn--merchemuoz-09a.com\/en\/wp-json\/wp\/v2\/pages\/814\/revisions\/870"}],"wp:attachment":[{"href":"https:\/\/xn--merchemuoz-09a.com\/en\/wp-json\/wp\/v2\/media?parent=814"}],"curies":[{"name":"wp","href":"https:\/\/api.w.org\/{rel}","templated":true}]}}