{"id":3,"date":"2023-07-24T18:14:05","date_gmt":"2023-07-24T18:14:05","guid":{"rendered":"https:\/\/xn--merchemuoz-09a.com\/?page_id=3"},"modified":"2023-09-12T17:40:06","modified_gmt":"2023-09-12T17:40:06","slug":"politica-cookies","status":"publish","type":"page","link":"https:\/\/xn--merchemuoz-09a.com\/en\/politica-cookies\/","title":{"rendered":"Pol\u00edtica de cookies"},"content":{"rendered":"<div data-elementor-type=\"wp-page\" data-elementor-id=\"3\" class=\"elementor elementor-3\">\n\t\t\t\t\t\t<section class=\"elementor-section elementor-top-section elementor-element elementor-element-4e3bf388 elementor-section-boxed elementor-section-height-default elementor-section-height-default parallax_section_no qode_elementor_container_no\" data-id=\"4e3bf388\" data-element_type=\"section\">\n\t\t\t\t\t\t<div class=\"elementor-container elementor-column-gap-default\">\n\t\t\t\t\t<div class=\"elementor-column elementor-col-100 elementor-top-column elementor-element elementor-element-15bc5135\" data-id=\"15bc5135\" data-element_type=\"column\">\n\t\t\t<div class=\"elementor-widget-wrap elementor-element-populated\">\n\t\t\t\t\t\t<div class=\"elementor-element elementor-element-b236155 elementor-widget elementor-widget-heading\" data-id=\"b236155\" data-element_type=\"widget\" data-widget_type=\"heading.default\">\n\t\t\t\t<div class=\"elementor-widget-container\">\n\t\t\t<style>\/*! elementor - v3.21.0 - 08-05-2024 *\/\n.elementor-heading-title{padding:0;margin:0;line-height:1}.elementor-widget-heading .elementor-heading-title[class*=elementor-size-]>a{color:inherit;font-size:inherit;line-height:inherit}.elementor-widget-heading .elementor-heading-title.elementor-size-small{font-size:15px}.elementor-widget-heading .elementor-heading-title.elementor-size-medium{font-size:19px}.elementor-widget-heading .elementor-heading-title.elementor-size-large{font-size:29px}.elementor-widget-heading .elementor-heading-title.elementor-size-xl{font-size:39px}.elementor-widget-heading .elementor-heading-title.elementor-size-xxl{font-size:59px}<\/style><h2 class=\"elementor-heading-title elementor-size-default\">Pol\u00edtica de cookies<\/h2>\t\t<\/div>\n\t\t\t\t<\/div>\n\t\t\t\t<div class=\"elementor-element elementor-element-be879b2 elementor-widget elementor-widget-text-editor\" data-id=\"be879b2\" data-element_type=\"widget\" data-widget_type=\"text-editor.default\">\n\t\t\t\t<div class=\"elementor-widget-container\">\n\t\t\t<style>\/*! elementor - v3.21.0 - 08-05-2024 *\/\n.elementor-widget-text-editor.elementor-drop-cap-view-stacked .elementor-drop-cap{background-color:#69727d;color:#fff}.elementor-widget-text-editor.elementor-drop-cap-view-framed .elementor-drop-cap{color:#69727d;border:3px solid;background-color:transparent}.elementor-widget-text-editor:not(.elementor-drop-cap-view-default) .elementor-drop-cap{margin-top:8px}.elementor-widget-text-editor:not(.elementor-drop-cap-view-default) .elementor-drop-cap-letter{width:1em;height:1em}.elementor-widget-text-editor .elementor-drop-cap{float:left;text-align:center;line-height:1;font-size:50px}.elementor-widget-text-editor .elementor-drop-cap-letter{display:inline-block}<\/style>\t\t\t\t<p><span style=\"font-weight: 400;\">En cumplimiento con el art\u00edculo 22 de la Ley 34\/2002, de 11 de julio, de servicios de la sociedad de la informaci\u00f3n y de comercio electr\u00f3nico (LSSI), en relaci\u00f3n con el Reglamento (UE) 2016\/679 del Parlamento Europeo y del Consejo, de 27 de abril de 2016, General de Protecci\u00f3n de Datos (RGPD) y la Ley Org\u00e1nica 3\/2018, de 5 de diciembre, de Protecci\u00f3n de Datos y garant\u00eda de los derechos digitales (LOPDGDD), el Titular pone a disposici\u00f3n de los usuarios la Pol\u00edtica de recogida y tratamiento de cookies del sitio Web.<\/span><\/p>\n<p><b>Qu\u00e9 son las Cookies<\/b><\/p>\n<p><span style=\"font-weight: 400;\">Una Cookie es un fichero que se descarga en su ordenador al entrar a determinadas p\u00e1ginas web. Las cookies permiten a una p\u00e1gina web, entre otras cosas, almacenar y recuperar informaci\u00f3n sobre sus h\u00e1bitos de navegaci\u00f3n y dependiendo de la informaci\u00f3n que contengan y de la forma en que utilice su equipo pueden utilizarse para identificarle.<\/span><\/p>\n<p><b>Cookies utilizadas en el sitio Web<\/b><\/p>\n<p><span style=\"font-weight: 400;\">A continuaci\u00f3n se clasifican las cookies utilizadas por el sitio Web <\/span><a href=\"https:\/\/www.merchemu\"><span style=\"font-weight: 400;\">https:\/\/www.merchemu\u00f1oz.com<\/span><\/a><\/p>\n<p><span style=\"font-weight: 400;\">Seg\u00fan la entidad que las gestiona<\/span><\/p>\n<ul>\n<li style=\"font-weight: 400;\" aria-level=\"1\"><span style=\"font-weight: 400;\">Cookies propias: Son aquellas enviadas y gestionadas directamente por el Titular.<\/span><\/li>\n<li style=\"font-weight: 400;\" aria-level=\"1\"><span style=\"font-weight: 400;\">Cookies de terceros: Son aquellas que se env\u00edan al Usuario desde un dominio ajeno al Titular.<\/span><\/li>\n<\/ul>\n<p><span style=\"font-weight: 400;\">Seg\u00fan su finalidad<\/span><\/p>\n<ul>\n<li style=\"font-weight: 400;\" aria-level=\"1\"><span style=\"font-weight: 400;\">Cookies t\u00e9cnicas: Son aquellas que permiten a los usuarios registrados navegar a trav\u00e9s del sitio Web, del \u00e1rea restringida y a utilizar sus diferentes funciones, como por ejemplo, el sistema de comentarios o el buscador.<\/span><\/li>\n<li style=\"font-weight: 400;\" aria-level=\"1\"><span style=\"font-weight: 400;\">Cookies de personalizaci\u00f3n: Son aquellas que permiten a los usuarios acceder al Servicio con algunas caracter\u00edsticas de car\u00e1cter general predefinidas en funci\u00f3n de una serie de criterios establecidos por el Usuario como, por ejemplo, el idioma o el tipo de navegador a trav\u00e9s del cual se conecta a este sitio Web.<\/span><\/li>\n<li style=\"font-weight: 400;\" aria-level=\"1\"><span style=\"font-weight: 400;\">Cookies de an\u00e1lisis o medici\u00f3n: Son aquellas que, bien tratadas por el sitio Web o por terceros, permiten cuantificar el n\u00famero de usuarios y as\u00ed realizar la medici\u00f3n y an\u00e1lisis estad\u00edstico de la utilizaci\u00f3n que hacen los usuarios del sitio Web. Para ello se analiza la navegaci\u00f3n que realizas en este sitio Web con el fin de mejorarlo.<\/span><\/li>\n<li style=\"font-weight: 400;\" aria-level=\"1\"><span style=\"font-weight: 400;\">Cookies sociales: Son establecidas por las plataformas de redes sociales para permitir a los usuarios compartir contenido con sus amigos y redes.<\/span><\/li>\n<\/ul>\n<p><span style=\"font-weight: 400;\">Seg\u00fan su duraci\u00f3n<\/span><\/p>\n<ul>\n<li style=\"font-weight: 400;\" aria-level=\"1\"><span style=\"font-weight: 400;\">Cookies de sesi\u00f3n: Son aquellas dise\u00f1adas para recabar y almacenar datos mientras el Usuario accede al sitio Web.<\/span><\/li>\n<li style=\"font-weight: 400;\" aria-level=\"1\"><span style=\"font-weight: 400;\">Cookies persistentes: Son aquellas en las que los datos siguen almacenados en el terminal del Usuario y pueden ser accedidos y tratados durante un per\u00edodo definido por el responsable de la cookie.<\/span><\/li>\n<\/ul>\n<p><b>Listado de cookies utilizadas<\/b><\/p>\n<p><span style=\"font-weight: 400;\">Este sitio Web puede instalar las siguientes cookies:<\/span><\/p>\n<p><span style=\"font-weight: 400;\">Cookies t\u00e9cnicas<\/span><\/p>\n<ul>\n<li style=\"font-weight: 400;\" aria-level=\"1\"><span style=\"font-weight: 400;\">wp-settings-{user_id}: Cookie t\u00e9cnica que se usa para mantener la configuraci\u00f3n del Usuario en el escritorio de WordPress (\/wp-admin). Es persistente y tiene una duraci\u00f3n de 1 a\u00f1o.<\/span><\/li>\n<li style=\"font-weight: 400;\" aria-level=\"1\"><span style=\"font-weight: 400;\">hasConsent: Cookie t\u00e9cnica que almacena el consentimiento del Usuario. Es persistente y tiene una duraci\u00f3n de 1 a\u00f1o.<\/span><\/li>\n<\/ul>\n<p><span style=\"font-weight: 400;\">Cookies de an\u00e1lisis o medici\u00f3n<\/span><\/p>\n<ul>\n<li style=\"font-weight: 400;\" aria-level=\"1\"><span style=\"font-weight: 400;\">_ga: Cookie Anal\u00edtica que habilita la funci\u00f3n de control de visitas \u00fanicas. Es persistente y tiene una duraci\u00f3n de 2 a\u00f1os.<\/span><\/li>\n<li style=\"font-weight: 400;\" aria-level=\"1\"><span style=\"font-weight: 400;\">_gat: Cookie Anal\u00edtica para limitar el n\u00famero de solicitudes. Su \u00e1mbito es la sesi\u00f3n y tiene una duraci\u00f3n de 1 minuto.<\/span><\/li>\n<li style=\"font-weight: 400;\" aria-level=\"1\"><span style=\"font-weight: 400;\">_gid: Cookie Anal\u00edtica para distinguir usuarios. Su \u00e1mbito es la sesi\u00f3n y tiene una duraci\u00f3n de 24 horas.<\/span><\/li>\n<\/ul>\n<p><span style=\"font-weight: 400;\">Informaci\u00f3n adicional:<\/span><\/p>\n<ul>\n<li style=\"font-weight: 400;\" aria-level=\"1\"><span style=\"font-weight: 400;\">Google Analytics puede instalar otras cookies seg\u00fan el documento Uso de las cookies de Google Analytics en sitios web que puede consultar <\/span><a href=\"https:\/\/developers.google.com\/analytics\/devguides\/collection\/analyticsjs\/cookie-usage?hl=es\"><span style=\"font-weight: 400;\">en este enlace<\/span><\/a><span style=\"font-weight: 400;\">.<\/span><\/li>\n<\/ul>\n<p><span style=\"font-weight: 400;\">Cookies sociales<\/span><\/p>\n<ul>\n<li style=\"font-weight: 400;\" aria-level=\"1\"><span style=\"font-weight: 400;\">El sitio Web incluye otras funcionalidades proporcionadas por servicios de terceros y redes sociales para mejorar la experiencia de los visitantes. Puede compartir el contenido en sus redes sociales como Facebook, Twitter, Instagram, Vimeo o YouTube con los botones incluidos a tal efecto o con las herramientas para compartir propias de las redes sociales. Como resultado, estos servicios pueden instalar cookies y utilizarlas para rastrear su actividad online. El Titular no tiene control directo sobre la informaci\u00f3n recopilada por estas cookies.<\/span><\/li>\n<\/ul>\n<p><span style=\"font-weight: 400;\">El sitio Web puede instalar otras cookies:<\/span><\/p>\n<p><span style=\"font-weight: 400;\">gdpr[consent_types]<\/span><span style=\"font-weight: 400;\"><br><\/span><span style=\"font-weight: 400;\">gdpr[allowed_cookies]<\/span><span style=\"font-weight: 400;\"><br><\/span><span style=\"font-weight: 400;\">wordpress_test_cookie<\/span><span style=\"font-weight: 400;\"><br><\/span><span style=\"font-weight: 400;\">wp_lang<\/span><span style=\"font-weight: 400;\"><br><\/span><span style=\"font-weight: 400;\">wp-settings-*<\/span><\/p>\n<p><b>Aceptaci\u00f3n o rechazo de la instalaci\u00f3n de cookies<\/b><\/p>\n<p><span style=\"font-weight: 400;\">El Titular muestra informaci\u00f3n sobre su Pol\u00edtica de cookies en el banner de cookies accesible en todas las p\u00e1ginas del Sitio Web. El banner de cookies muestra informaci\u00f3n esencial sobre el tratamiento de datos y permite al Usuario realizar las siguientes acciones:<\/span><\/p>\n<ul>\n<li style=\"font-weight: 400;\" aria-level=\"1\"><span style=\"font-weight: 400;\">Aceptar o rechazar la instalaci\u00f3n de cookies, o retirar el consentimiento previamente otorgado.<\/span><\/li>\n<li style=\"font-weight: 400;\" aria-level=\"1\"><span style=\"font-weight: 400;\">Obtener informaci\u00f3n adicional en la p\u00e1gina de&nbsp;<\/span><a href=\"https:\/\/www.merchemu\u00f1oz.com\/politica-cookies\" target=\"_blank\">Pol\u00edtica de Cookies.<\/a><\/li>\n<\/ul>\n<p><b>Eliminaci\u00f3n de cookies<\/b><\/p>\n<p><span style=\"font-weight: 400;\">Puede aceptar, bloquear o eliminar las cookies instaladas en su equipo mediante la configuraci\u00f3n de las opciones del navegador, pero tenga en cuenta que parte del sitio no funcionar\u00e1 correctamente o que algunas de sus funcionalidades no estar\u00e1n disponibles o tendr\u00e1n errores.<\/span><\/p>\n<p><span style=\"font-weight: 400;\">En los siguientes enlaces encontrar\u00e1 instrucciones para habilitar o deshabilitar las cookies en los navegadores m\u00e1s comunes.<\/span><\/p>\n<ul>\n<li style=\"font-weight: 400;\" aria-level=\"1\"><a href=\"http:\/\/support.mozilla.org\/es\/kb\/habilitar-y-deshabilitar-cookies-que-los-sitios-we\"><span style=\"font-weight: 400;\">Firefox<\/span><\/a><\/li>\n<li style=\"font-weight: 400;\" aria-level=\"1\"><a href=\"https:\/\/support.google.com\/chrome\/answer\/95647?hl=es\"><span style=\"font-weight: 400;\">Google Chrome<\/span><\/a><\/li>\n<li style=\"font-weight: 400;\" aria-level=\"1\"><a href=\"https:\/\/support.microsoft.com\/es-es\/help\/17442\/windows-internet-explorer-delete-manage-cookies#ie=%22ie-10\"><span style=\"font-weight: 400;\">Internet Explorer<\/span><\/a><\/li>\n<li style=\"font-weight: 400;\" aria-level=\"1\"><a href=\"https:\/\/support.microsoft.com\/es-es\/help\/4468242\/microsoft-edge-browsing-data-and-privacy\"><span style=\"font-weight: 400;\">Microsoft Edge<\/span><\/a><\/li>\n<li style=\"font-weight: 400;\" aria-level=\"1\"><a href=\"http:\/\/support.apple.com\/kb\/HT1677?viewlocale=es_ES\"><span style=\"font-weight: 400;\">Safari<\/span><\/a><\/li>\n<\/ul>\n<p><b>Tratamiento de Datos Personales<\/b><\/p>\n<p><span style=\"font-weight: 400;\">El Titular es el Responsable del tratamiento de los datos personales del usuario. Puede consultar toda la informaci\u00f3n relativa al tratamiento de datos personales que recoge el Titular en la p\u00e1gina de la&nbsp;<\/span><a href=\"https:\/\/www.merchemu\u00f1oz.com\/politica-de-privacidad\" target=\"_blank\" style=\"font-family: var( --e-global-typography-text-font-family ), Sans-serif; font-weight: var( --e-global-typography-text-font-weight );\">Pol\u00edtica de Privacidad.<\/a><\/p>\n<p><b>Contacto<\/b><\/p>\n<p><span style=\"font-weight: 400;\">En caso de que tenga cualquier duda acerca de esta Pol\u00edtica de Cookies o quiera realizar cualquier comentario sobre este sitio Web, puede enviar un mensaje a la direcci\u00f3n de correo electr\u00f3nico: hola@merchemu\u00f1oz.com<\/span><\/p>\t\t\t\t\t\t<\/div>\n\t\t\t\t<\/div>\n\t\t\t\t\t<\/div>\n\t\t<\/div>\n\t\t\t\t\t<\/div>\n\t\t<\/section>\n\t\t\t\t<\/div>","protected":false},"excerpt":{"rendered":"<p>Pol\u00edtica de cookies En cumplimiento con el art\u00edculo 22 de la Ley 34\/2002, de 11 de julio, de servicios de la sociedad de la informaci\u00f3n y de comercio electr\u00f3nico (LSSI), en relaci\u00f3n con el Reglamento (UE) 2016\/679 del Parlamento Europeo y del Consejo, de 27&#8230;<\/p>","protected":false},"author":1,"featured_media":0,"parent":0,"menu_order":0,"comment_status":"closed","ping_status":"closed","template":"","meta":{"_monsterinsights_skip_tracking":false,"_monsterinsights_sitenote_active":false,"_monsterinsights_sitenote_note":"","_monsterinsights_sitenote_category":0,"footnotes":""},"class_list":["post-3","page","type-page","status-publish","hentry"],"yoast_head":"<!-- This site is optimized with the Yoast SEO plugin v22.7 - https:\/\/yoast.com\/wordpress\/plugins\/seo\/ -->\n<title>Pol\u00edtica de cookies - merchemunoz<\/title>\n<meta name=\"robots\" content=\"index, follow, max-snippet:-1, max-image-preview:large, max-video-preview:-1\" \/>\n<link rel=\"canonical\" href=\"https:\/\/xn--merchemuoz-09a.com\/en\/politica-cookies\/\" \/>\n<meta property=\"og:locale\" content=\"en_US\" \/>\n<meta property=\"og:type\" content=\"article\" \/>\n<meta property=\"og:title\" content=\"Pol\u00edtica de cookies - merchemunoz\" \/>\n<meta property=\"og:description\" content=\"Pol\u00edtica de cookies En cumplimiento con el art\u00edculo 22 de la Ley 34\/2002, de 11 de julio, de servicios de la sociedad de la informaci\u00f3n y de comercio electr\u00f3nico (LSSI), en relaci\u00f3n con el Reglamento (UE) 2016\/679 del Parlamento Europeo y del Consejo, de 27...\" \/>\n<meta property=\"og:url\" content=\"https:\/\/xn--merchemuoz-09a.com\/en\/politica-cookies\/\" \/>\n<meta property=\"og:site_name\" content=\"merchemunoz\" \/>\n<meta property=\"article:modified_time\" content=\"2023-09-12T17:40:06+00:00\" \/>\n<meta name=\"twitter:card\" content=\"summary_large_image\" \/>\n<meta name=\"twitter:label1\" content=\"Est. reading time\" \/>\n\t<meta name=\"twitter:data1\" content=\"5 minutes\" \/>\n<script type=\"application\/ld+json\" class=\"yoast-schema-graph\">{\"@context\":\"https:\/\/schema.org\",\"@graph\":[{\"@type\":\"WebPage\",\"@id\":\"https:\/\/xn--merchemuoz-09a.com\/politica-cookies\/\",\"url\":\"https:\/\/xn--merchemuoz-09a.com\/politica-cookies\/\",\"name\":\"Pol\u00edtica de cookies - merchemunoz\",\"isPartOf\":{\"@id\":\"https:\/\/xn--merchemuoz-09a.com\/en\/#website\"},\"datePublished\":\"2023-07-24T18:14:05+00:00\",\"dateModified\":\"2023-09-12T17:40:06+00:00\",\"breadcrumb\":{\"@id\":\"https:\/\/xn--merchemuoz-09a.com\/politica-cookies\/#breadcrumb\"},\"inLanguage\":\"en-US\",\"potentialAction\":[{\"@type\":\"ReadAction\",\"target\":[\"https:\/\/xn--merchemuoz-09a.com\/politica-cookies\/\"]}]},{\"@type\":\"BreadcrumbList\",\"@id\":\"https:\/\/xn--merchemuoz-09a.com\/politica-cookies\/#breadcrumb\",\"itemListElement\":[{\"@type\":\"ListItem\",\"position\":1,\"name\":\"Home\",\"item\":\"https:\/\/xn--merchemuoz-09a.com\/en\/\"},{\"@type\":\"ListItem\",\"position\":2,\"name\":\"Pol\u00edtica de cookies\"}]},{\"@type\":\"WebSite\",\"@id\":\"https:\/\/xn--merchemuoz-09a.com\/en\/#website\",\"url\":\"https:\/\/xn--merchemuoz-09a.com\/en\/\",\"name\":\"merchemunoz\",\"description\":\"\",\"potentialAction\":[{\"@type\":\"SearchAction\",\"target\":{\"@type\":\"EntryPoint\",\"urlTemplate\":\"https:\/\/xn--merchemuoz-09a.com\/en\/?s={search_term_string}\"},\"query-input\":\"required name=search_term_string\"}],\"inLanguage\":\"en-US\"}]}<\/script>\n<!-- \/ Yoast SEO plugin. -->","yoast_head_json":{"title":"Pol\u00edtica de cookies - merchemunoz","robots":{"index":"index","follow":"follow","max-snippet":"max-snippet:-1","max-image-preview":"max-image-preview:large","max-video-preview":"max-video-preview:-1"},"canonical":"https:\/\/xn--merchemuoz-09a.com\/en\/politica-cookies\/","og_locale":"en_US","og_type":"article","og_title":"Pol\u00edtica de cookies - merchemunoz","og_description":"Pol\u00edtica de cookies En cumplimiento con el art\u00edculo 22 de la Ley 34\/2002, de 11 de julio, de servicios de la sociedad de la informaci\u00f3n y de comercio electr\u00f3nico (LSSI), en relaci\u00f3n con el Reglamento (UE) 2016\/679 del Parlamento Europeo y del Consejo, de 27...","og_url":"https:\/\/xn--merchemuoz-09a.com\/en\/politica-cookies\/","og_site_name":"merchemunoz","article_modified_time":"2023-09-12T17:40:06+00:00","twitter_card":"summary_large_image","twitter_misc":{"Est. reading time":"5 minutes"},"schema":{"@context":"https:\/\/schema.org","@graph":[{"@type":"WebPage","@id":"https:\/\/xn--merchemuoz-09a.com\/politica-cookies\/","url":"https:\/\/xn--merchemuoz-09a.com\/politica-cookies\/","name":"Pol\u00edtica de cookies - merchemunoz","isPartOf":{"@id":"https:\/\/xn--merchemuoz-09a.com\/en\/#website"},"datePublished":"2023-07-24T18:14:05+00:00","dateModified":"2023-09-12T17:40:06+00:00","breadcrumb":{"@id":"https:\/\/xn--merchemuoz-09a.com\/politica-cookies\/#breadcrumb"},"inLanguage":"en-US","potentialAction":[{"@type":"ReadAction","target":["https:\/\/xn--merchemuoz-09a.com\/politica-cookies\/"]}]},{"@type":"BreadcrumbList","@id":"https:\/\/xn--merchemuoz-09a.com\/politica-cookies\/#breadcrumb","itemListElement":[{"@type":"ListItem","position":1,"name":"Home","item":"https:\/\/xn--merchemuoz-09a.com\/en\/"},{"@type":"ListItem","position":2,"name":"Pol\u00edtica de cookies"}]},{"@type":"WebSite","@id":"https:\/\/xn--merchemuoz-09a.com\/en\/#website","url":"https:\/\/xn--merchemuoz-09a.com\/en\/","name":"merchemunoz","description":"","potentialAction":[{"@type":"SearchAction","target":{"@type":"EntryPoint","urlTemplate":"https:\/\/xn--merchemuoz-09a.com\/en\/?s={search_term_string}"},"query-input":"required name=search_term_string"}],"inLanguage":"en-US"}]}},"_links":{"self":[{"href":"https:\/\/xn--merchemuoz-09a.com\/en\/wp-json\/wp\/v2\/pages\/3","targetHints":{"allow":["GET"]}}],"collection":[{"href":"https:\/\/xn--merchemuoz-09a.com\/en\/wp-json\/wp\/v2\/pages"}],"about":[{"href":"https:\/\/xn--merchemuoz-09a.com\/en\/wp-json\/wp\/v2\/types\/page"}],"author":[{"embeddable":true,"href":"https:\/\/xn--merchemuoz-09a.com\/en\/wp-json\/wp\/v2\/users\/1"}],"replies":[{"embeddable":true,"href":"https:\/\/xn--merchemuoz-09a.com\/en\/wp-json\/wp\/v2\/comments?post=3"}],"version-history":[{"count":21,"href":"https:\/\/xn--merchemuoz-09a.com\/en\/wp-json\/wp\/v2\/pages\/3\/revisions"}],"predecessor-version":[{"id":873,"href":"https:\/\/xn--merchemuoz-09a.com\/en\/wp-json\/wp\/v2\/pages\/3\/revisions\/873"}],"wp:attachment":[{"href":"https:\/\/xn--merchemuoz-09a.com\/en\/wp-json\/wp\/v2\/media?parent=3"}],"curies":[{"name":"wp","href":"https:\/\/api.w.org\/{rel}","templated":true}]}}