{"id":180,"date":"2019-12-27T12:44:39","date_gmt":"2019-12-27T12:44:39","guid":{"rendered":"https:\/\/bridge307.qodeinteractive.com\/?page_id=180"},"modified":"2024-05-16T05:57:09","modified_gmt":"2024-05-16T05:57:09","slug":"inicio","status":"publish","type":"page","link":"https:\/\/xn--merchemuoz-09a.com\/en\/","title":{"rendered":"Inicio"},"content":{"rendered":"<div data-elementor-type=\"wp-page\" data-elementor-id=\"180\" class=\"elementor elementor-180\">\n\t\t\t\t\t\t<section class=\"elementor-section elementor-top-section elementor-element elementor-element-244947e elementor-section-boxed elementor-section-height-default elementor-section-height-default parallax_section_no qode_elementor_container_no elementor-invisible\" data-id=\"244947e\" data-element_type=\"section\" data-settings=\"{&quot;background_background&quot;:&quot;classic&quot;,&quot;animation&quot;:&quot;fadeInUp&quot;}\">\n\t\t\t\t\t\t<div class=\"elementor-container elementor-column-gap-default\">\n\t\t\t\t\t<div class=\"elementor-column elementor-col-100 elementor-top-column elementor-element elementor-element-ee864b3\" data-id=\"ee864b3\" data-element_type=\"column\">\n\t\t\t<div class=\"elementor-widget-wrap\">\n\t\t\t\t\t\t\t<\/div>\n\t\t<\/div>\n\t\t\t\t\t<\/div>\n\t\t<\/section>\n\t\t\t\t<section class=\"elementor-section elementor-top-section elementor-element elementor-element-1f2caf21 elementor-section-full_width elementor-section-height-default elementor-section-height-default parallax_section_no qode_elementor_container_no\" data-id=\"1f2caf21\" data-element_type=\"section\">\n\t\t\t\t\t\t<div class=\"elementor-container elementor-column-gap-no\">\n\t\t\t\t\t<div class=\"elementor-column elementor-col-100 elementor-top-column elementor-element elementor-element-378d0595\" data-id=\"378d0595\" data-element_type=\"column\">\n\t\t\t<div class=\"elementor-widget-wrap elementor-element-populated\">\n\t\t\t\t\t\t<div class=\"elementor-element elementor-element-52c6e47a elementor-invisible elementor-widget elementor-widget-heading\" data-id=\"52c6e47a\" data-element_type=\"widget\" data-settings=\"{&quot;_animation&quot;:&quot;fadeInDown&quot;}\" data-widget_type=\"heading.default\">\n\t\t\t\t<div class=\"elementor-widget-container\">\n\t\t\t<style>\/*! elementor - v3.21.0 - 08-05-2024 *\/\n.elementor-heading-title{padding:0;margin:0;line-height:1}.elementor-widget-heading .elementor-heading-title[class*=elementor-size-]>a{color:inherit;font-size:inherit;line-height:inherit}.elementor-widget-heading .elementor-heading-title.elementor-size-small{font-size:15px}.elementor-widget-heading .elementor-heading-title.elementor-size-medium{font-size:19px}.elementor-widget-heading .elementor-heading-title.elementor-size-large{font-size:29px}.elementor-widget-heading .elementor-heading-title.elementor-size-xl{font-size:39px}.elementor-widget-heading .elementor-heading-title.elementor-size-xxl{font-size:59px}<\/style><h1 class=\"elementor-heading-title elementor-size-default\">ARTE Y TERAPIA<\/h1>\t\t<\/div>\n\t\t\t\t<\/div>\n\t\t\t\t\t<\/div>\n\t\t<\/div>\n\t\t\t\t\t<\/div>\n\t\t<\/section>\n\t\t\t\t<section class=\"elementor-section elementor-top-section elementor-element elementor-element-1935b07 elementor-section-full_width elementor-section-height-default elementor-section-height-default parallax_section_no qode_elementor_container_no\" data-id=\"1935b07\" data-element_type=\"section\">\n\t\t\t\t\t\t<div class=\"elementor-container elementor-column-gap-default\">\n\t\t\t\t\t<div class=\"elementor-column elementor-col-25 elementor-top-column elementor-element elementor-element-2166dd9\" data-id=\"2166dd9\" data-element_type=\"column\" data-settings=\"{&quot;background_background&quot;:&quot;classic&quot;}\">\n\t\t\t<div class=\"elementor-widget-wrap elementor-element-populated\">\n\t\t\t\t\t\t<div class=\"elementor-element elementor-element-421862c elementor-widget elementor-widget-image\" data-id=\"421862c\" data-element_type=\"widget\" data-widget_type=\"image.default\">\n\t\t\t\t<div class=\"elementor-widget-container\">\n\t\t\t<style>\/*! elementor - v3.21.0 - 08-05-2024 *\/\n.elementor-widget-image{text-align:center}.elementor-widget-image a{display:inline-block}.elementor-widget-image a img[src$=\".svg\"]{width:48px}.elementor-widget-image img{vertical-align:middle;display:inline-block}<\/style>\t\t\t\t\t\t\t\t\t\t<img fetchpriority=\"high\" decoding=\"async\" width=\"600\" height=\"300\" src=\"https:\/\/xn--merchemuoz-09a.com\/wp-content\/uploads\/2023\/08\/banner-arboles.jpg\" class=\"attachment-large size-large wp-image-686\" alt=\"\" srcset=\"https:\/\/xn--merchemuoz-09a.com\/wp-content\/uploads\/2023\/08\/banner-arboles.jpg 600w, https:\/\/xn--merchemuoz-09a.com\/wp-content\/uploads\/2023\/08\/banner-arboles-300x150.jpg 300w\" sizes=\"(max-width: 600px) 100vw, 600px\" \/>\t\t\t\t\t\t\t\t\t\t\t\t\t<\/div>\n\t\t\t\t<\/div>\n\t\t\t\t<div class=\"elementor-element elementor-element-4235a2d elementor-widget elementor-widget-heading\" data-id=\"4235a2d\" data-element_type=\"widget\" data-widget_type=\"heading.default\">\n\t\t\t\t<div class=\"elementor-widget-container\">\n\t\t\t<h3 class=\"elementor-heading-title elementor-size-default\">\u00c1RBOLES DE LA VIDA<\/h3>\t\t<\/div>\n\t\t\t\t<\/div>\n\t\t\t\t\t<\/div>\n\t\t<\/div>\n\t\t\t\t<div class=\"elementor-column elementor-col-25 elementor-top-column elementor-element elementor-element-dc0bca8\" data-id=\"dc0bca8\" data-element_type=\"column\" data-settings=\"{&quot;background_background&quot;:&quot;classic&quot;}\">\n\t\t\t<div class=\"elementor-widget-wrap elementor-element-populated\">\n\t\t\t\t\t\t<div class=\"elementor-element elementor-element-03310ae elementor-widget elementor-widget-image\" data-id=\"03310ae\" data-element_type=\"widget\" data-widget_type=\"image.default\">\n\t\t\t\t<div class=\"elementor-widget-container\">\n\t\t\t\t\t\t\t\t\t\t\t\t\t<img decoding=\"async\" width=\"600\" height=\"300\" src=\"https:\/\/xn--merchemuoz-09a.com\/wp-content\/uploads\/2023\/08\/banner-chakras.jpg\" class=\"attachment-large size-large wp-image-672\" alt=\"\" srcset=\"https:\/\/xn--merchemuoz-09a.com\/wp-content\/uploads\/2023\/08\/banner-chakras.jpg 600w, https:\/\/xn--merchemuoz-09a.com\/wp-content\/uploads\/2023\/08\/banner-chakras-300x150.jpg 300w\" sizes=\"(max-width: 600px) 100vw, 600px\" \/>\t\t\t\t\t\t\t\t\t\t\t\t\t<\/div>\n\t\t\t\t<\/div>\n\t\t\t\t<div class=\"elementor-element elementor-element-336b51c elementor-widget elementor-widget-heading\" data-id=\"336b51c\" data-element_type=\"widget\" data-widget_type=\"heading.default\">\n\t\t\t\t<div class=\"elementor-widget-container\">\n\t\t\t<h3 class=\"elementor-heading-title elementor-size-default\">COLECCI\u00d3N CHAKRAS<\/h3>\t\t<\/div>\n\t\t\t\t<\/div>\n\t\t\t\t\t<\/div>\n\t\t<\/div>\n\t\t\t\t<div class=\"elementor-column elementor-col-25 elementor-top-column elementor-element elementor-element-50beb58\" data-id=\"50beb58\" data-element_type=\"column\" data-settings=\"{&quot;background_background&quot;:&quot;classic&quot;}\">\n\t\t\t<div class=\"elementor-widget-wrap elementor-element-populated\">\n\t\t\t\t\t\t<div class=\"elementor-element elementor-element-c95845d elementor-widget elementor-widget-image\" data-id=\"c95845d\" data-element_type=\"widget\" data-widget_type=\"image.default\">\n\t\t\t\t<div class=\"elementor-widget-container\">\n\t\t\t\t\t\t\t\t\t\t\t\t\t<img decoding=\"async\" width=\"600\" height=\"300\" src=\"https:\/\/xn--merchemuoz-09a.com\/wp-content\/uploads\/2023\/08\/banner-colaboraciones.jpg\" class=\"attachment-large size-large wp-image-695\" alt=\"\" srcset=\"https:\/\/xn--merchemuoz-09a.com\/wp-content\/uploads\/2023\/08\/banner-colaboraciones.jpg 600w, https:\/\/xn--merchemuoz-09a.com\/wp-content\/uploads\/2023\/08\/banner-colaboraciones-300x150.jpg 300w\" sizes=\"(max-width: 600px) 100vw, 600px\" \/>\t\t\t\t\t\t\t\t\t\t\t\t\t<\/div>\n\t\t\t\t<\/div>\n\t\t\t\t<div class=\"elementor-element elementor-element-a9f0246 elementor-widget elementor-widget-heading\" data-id=\"a9f0246\" data-element_type=\"widget\" data-widget_type=\"heading.default\">\n\t\t\t\t<div class=\"elementor-widget-container\">\n\t\t\t<h3 class=\"elementor-heading-title elementor-size-default\">TALLERES Y COLABORACIONES<\/h3>\t\t<\/div>\n\t\t\t\t<\/div>\n\t\t\t\t\t<\/div>\n\t\t<\/div>\n\t\t\t\t<div class=\"elementor-column elementor-col-25 elementor-top-column elementor-element elementor-element-ee364bc\" data-id=\"ee364bc\" data-element_type=\"column\" data-settings=\"{&quot;background_background&quot;:&quot;classic&quot;}\">\n\t\t\t<div class=\"elementor-widget-wrap elementor-element-populated\">\n\t\t\t\t\t\t<div class=\"elementor-element elementor-element-c6294b1 elementor-widget elementor-widget-image\" data-id=\"c6294b1\" data-element_type=\"widget\" data-widget_type=\"image.default\">\n\t\t\t\t<div class=\"elementor-widget-container\">\n\t\t\t\t\t\t\t\t\t\t\t\t\t<img loading=\"lazy\" decoding=\"async\" width=\"600\" height=\"300\" src=\"https:\/\/xn--merchemuoz-09a.com\/wp-content\/uploads\/2023\/08\/banner-arcangeles.jpg\" class=\"attachment-large size-large wp-image-694\" alt=\"\" srcset=\"https:\/\/xn--merchemuoz-09a.com\/wp-content\/uploads\/2023\/08\/banner-arcangeles.jpg 600w, https:\/\/xn--merchemuoz-09a.com\/wp-content\/uploads\/2023\/08\/banner-arcangeles-300x150.jpg 300w\" sizes=\"(max-width: 600px) 100vw, 600px\" \/>\t\t\t\t\t\t\t\t\t\t\t\t\t<\/div>\n\t\t\t\t<\/div>\n\t\t\t\t<div class=\"elementor-element elementor-element-9fbf896 elementor-widget elementor-widget-heading\" data-id=\"9fbf896\" data-element_type=\"widget\" data-widget_type=\"heading.default\">\n\t\t\t\t<div class=\"elementor-widget-container\">\n\t\t\t<h3 class=\"elementor-heading-title elementor-size-default\">COLECCI\u00d3N ARC\u00c1NGELES<\/h3>\t\t<\/div>\n\t\t\t\t<\/div>\n\t\t\t\t\t<\/div>\n\t\t<\/div>\n\t\t\t\t\t<\/div>\n\t\t<\/section>\n\t\t\t\t<\/div>","protected":false},"excerpt":{"rendered":"<p>ARTE Y TERAPIA \u00c1RBOLES DE LA VIDA COLECCI\u00d3N CHAKRAS TALLERES Y COLABORACIONES COLECCI\u00d3N ARC\u00c1NGELES<\/p>","protected":false},"author":2,"featured_media":0,"parent":0,"menu_order":0,"comment_status":"closed","ping_status":"closed","template":"full_width.php","meta":{"_monsterinsights_skip_tracking":false,"_monsterinsights_sitenote_active":false,"_monsterinsights_sitenote_note":"","_monsterinsights_sitenote_category":0,"footnotes":""},"class_list":["post-180","page","type-page","status-publish","hentry"],"yoast_head":"<!-- This site is optimized with the Yoast SEO plugin v22.7 - https:\/\/yoast.com\/wordpress\/plugins\/seo\/ -->\n<title>Inicio - merchemunoz<\/title>\n<meta name=\"description\" content=\"Explora el poder transformador del arte y la terapia conmigo. Descubre t\u00e9cnicas creativas para sanar y expresarte.\" \/>\n<meta name=\"robots\" content=\"index, follow, max-snippet:-1, max-image-preview:large, max-video-preview:-1\" \/>\n<link rel=\"canonical\" href=\"https:\/\/xn--merchemuoz-09a.com\/en\/\" \/>\n<meta property=\"og:locale\" content=\"en_US\" \/>\n<meta property=\"og:type\" content=\"article\" \/>\n<meta property=\"og:title\" content=\"Inicio - merchemunoz\" \/>\n<meta property=\"og:description\" content=\"Explora el poder transformador del arte y la terapia conmigo. Descubre t\u00e9cnicas creativas para sanar y expresarte.\" \/>\n<meta property=\"og:url\" content=\"https:\/\/xn--merchemuoz-09a.com\/en\/\" \/>\n<meta property=\"og:site_name\" content=\"merchemunoz\" \/>\n<meta property=\"article:modified_time\" content=\"2024-05-16T05:57:09+00:00\" \/>\n<meta property=\"og:image\" content=\"https:\/\/xn--merchemuoz-09a.com\/wp-content\/uploads\/2023\/08\/banner-arboles.jpg\" \/>\n<meta name=\"twitter:card\" content=\"summary_large_image\" \/>\n<meta name=\"twitter:label1\" content=\"Est. reading time\" \/>\n\t<meta name=\"twitter:data1\" content=\"1 minute\" \/>\n<script type=\"application\/ld+json\" class=\"yoast-schema-graph\">{\"@context\":\"https:\/\/schema.org\",\"@graph\":[{\"@type\":\"WebPage\",\"@id\":\"https:\/\/xn--merchemuoz-09a.com\/en\/\",\"url\":\"https:\/\/xn--merchemuoz-09a.com\/en\/\",\"name\":\"Inicio - merchemunoz\",\"isPartOf\":{\"@id\":\"https:\/\/xn--merchemuoz-09a.com\/en\/#website\"},\"primaryImageOfPage\":{\"@id\":\"https:\/\/xn--merchemuoz-09a.com\/en\/#primaryimage\"},\"image\":{\"@id\":\"https:\/\/xn--merchemuoz-09a.com\/en\/#primaryimage\"},\"thumbnailUrl\":\"https:\/\/xn--merchemuoz-09a.com\/wp-content\/uploads\/2023\/08\/banner-arboles.jpg\",\"datePublished\":\"2019-12-27T12:44:39+00:00\",\"dateModified\":\"2024-05-16T05:57:09+00:00\",\"description\":\"Explora el poder transformador del arte y la terapia conmigo. Descubre t\u00e9cnicas creativas para sanar y expresarte.\",\"breadcrumb\":{\"@id\":\"https:\/\/xn--merchemuoz-09a.com\/en\/#breadcrumb\"},\"inLanguage\":\"en-US\",\"potentialAction\":[{\"@type\":\"ReadAction\",\"target\":[\"https:\/\/xn--merchemuoz-09a.com\/en\/\"]}]},{\"@type\":\"ImageObject\",\"inLanguage\":\"en-US\",\"@id\":\"https:\/\/xn--merchemuoz-09a.com\/en\/#primaryimage\",\"url\":\"https:\/\/xn--merchemuoz-09a.com\/wp-content\/uploads\/2023\/08\/banner-arboles.jpg\",\"contentUrl\":\"https:\/\/xn--merchemuoz-09a.com\/wp-content\/uploads\/2023\/08\/banner-arboles.jpg\"},{\"@type\":\"BreadcrumbList\",\"@id\":\"https:\/\/xn--merchemuoz-09a.com\/en\/#breadcrumb\",\"itemListElement\":[{\"@type\":\"ListItem\",\"position\":1,\"name\":\"Home\",\"item\":\"https:\/\/xn--merchemuoz-09a.com\/en\/\"},{\"@type\":\"ListItem\",\"position\":2,\"name\":\"Inicio\"}]},{\"@type\":\"WebSite\",\"@id\":\"https:\/\/xn--merchemuoz-09a.com\/en\/#website\",\"url\":\"https:\/\/xn--merchemuoz-09a.com\/en\/\",\"name\":\"merchemunoz\",\"description\":\"\",\"potentialAction\":[{\"@type\":\"SearchAction\",\"target\":{\"@type\":\"EntryPoint\",\"urlTemplate\":\"https:\/\/xn--merchemuoz-09a.com\/en\/?s={search_term_string}\"},\"query-input\":\"required name=search_term_string\"}],\"inLanguage\":\"en-US\"}]}<\/script>\n<!-- \/ Yoast SEO plugin. -->","yoast_head_json":{"title":"Inicio - merchemunoz","description":"Explora el poder transformador del arte y la terapia conmigo. Descubre t\u00e9cnicas creativas para sanar y expresarte.","robots":{"index":"index","follow":"follow","max-snippet":"max-snippet:-1","max-image-preview":"max-image-preview:large","max-video-preview":"max-video-preview:-1"},"canonical":"https:\/\/xn--merchemuoz-09a.com\/en\/","og_locale":"en_US","og_type":"article","og_title":"Inicio - merchemunoz","og_description":"Explora el poder transformador del arte y la terapia conmigo. Descubre t\u00e9cnicas creativas para sanar y expresarte.","og_url":"https:\/\/xn--merchemuoz-09a.com\/en\/","og_site_name":"merchemunoz","article_modified_time":"2024-05-16T05:57:09+00:00","og_image":[{"url":"https:\/\/xn--merchemuoz-09a.com\/wp-content\/uploads\/2023\/08\/banner-arboles.jpg"}],"twitter_card":"summary_large_image","twitter_misc":{"Est. reading time":"1 minute"},"schema":{"@context":"https:\/\/schema.org","@graph":[{"@type":"WebPage","@id":"https:\/\/xn--merchemuoz-09a.com\/en\/","url":"https:\/\/xn--merchemuoz-09a.com\/en\/","name":"Inicio - merchemunoz","isPartOf":{"@id":"https:\/\/xn--merchemuoz-09a.com\/en\/#website"},"primaryImageOfPage":{"@id":"https:\/\/xn--merchemuoz-09a.com\/en\/#primaryimage"},"image":{"@id":"https:\/\/xn--merchemuoz-09a.com\/en\/#primaryimage"},"thumbnailUrl":"https:\/\/xn--merchemuoz-09a.com\/wp-content\/uploads\/2023\/08\/banner-arboles.jpg","datePublished":"2019-12-27T12:44:39+00:00","dateModified":"2024-05-16T05:57:09+00:00","description":"Explora el poder transformador del arte y la terapia conmigo. Descubre t\u00e9cnicas creativas para sanar y expresarte.","breadcrumb":{"@id":"https:\/\/xn--merchemuoz-09a.com\/en\/#breadcrumb"},"inLanguage":"en-US","potentialAction":[{"@type":"ReadAction","target":["https:\/\/xn--merchemuoz-09a.com\/en\/"]}]},{"@type":"ImageObject","inLanguage":"en-US","@id":"https:\/\/xn--merchemuoz-09a.com\/en\/#primaryimage","url":"https:\/\/xn--merchemuoz-09a.com\/wp-content\/uploads\/2023\/08\/banner-arboles.jpg","contentUrl":"https:\/\/xn--merchemuoz-09a.com\/wp-content\/uploads\/2023\/08\/banner-arboles.jpg"},{"@type":"BreadcrumbList","@id":"https:\/\/xn--merchemuoz-09a.com\/en\/#breadcrumb","itemListElement":[{"@type":"ListItem","position":1,"name":"Home","item":"https:\/\/xn--merchemuoz-09a.com\/en\/"},{"@type":"ListItem","position":2,"name":"Inicio"}]},{"@type":"WebSite","@id":"https:\/\/xn--merchemuoz-09a.com\/en\/#website","url":"https:\/\/xn--merchemuoz-09a.com\/en\/","name":"merchemunoz","description":"","potentialAction":[{"@type":"SearchAction","target":{"@type":"EntryPoint","urlTemplate":"https:\/\/xn--merchemuoz-09a.com\/en\/?s={search_term_string}"},"query-input":"required name=search_term_string"}],"inLanguage":"en-US"}]}},"_links":{"self":[{"href":"https:\/\/xn--merchemuoz-09a.com\/en\/wp-json\/wp\/v2\/pages\/180","targetHints":{"allow":["GET"]}}],"collection":[{"href":"https:\/\/xn--merchemuoz-09a.com\/en\/wp-json\/wp\/v2\/pages"}],"about":[{"href":"https:\/\/xn--merchemuoz-09a.com\/en\/wp-json\/wp\/v2\/types\/page"}],"author":[{"embeddable":true,"href":"https:\/\/xn--merchemuoz-09a.com\/en\/wp-json\/wp\/v2\/users\/2"}],"replies":[{"embeddable":true,"href":"https:\/\/xn--merchemuoz-09a.com\/en\/wp-json\/wp\/v2\/comments?post=180"}],"version-history":[{"count":55,"href":"https:\/\/xn--merchemuoz-09a.com\/en\/wp-json\/wp\/v2\/pages\/180\/revisions"}],"predecessor-version":[{"id":889,"href":"https:\/\/xn--merchemuoz-09a.com\/en\/wp-json\/wp\/v2\/pages\/180\/revisions\/889"}],"wp:attachment":[{"href":"https:\/\/xn--merchemuoz-09a.com\/en\/wp-json\/wp\/v2\/media?parent=180"}],"curies":[{"name":"wp","href":"https:\/\/api.w.org\/{rel}","templated":true}]}}